{"id":4059,"date":"2024-01-24T16:18:41","date_gmt":"2024-01-24T16:18:41","guid":{"rendered":"https:\/\/cms-staging.beable.com\/?page_id=4059"},"modified":"2024-01-30T17:26:48","modified_gmt":"2024-01-30T17:26:48","slug":"sivj","status":"publish","type":"page","link":"https:\/\/cmsgo.beable.com\/vi\/sivj\/","title":{"rendered":"SIVJ"},"content":{"rendered":"<div data-elementor-type=\"wp-page\" data-elementor-id=\"4059\" class=\"elementor elementor-4059\" data-elementor-settings=\"{&quot;premium_particles_zindex&quot;:0,&quot;premium_particles_responsive&quot;:[&quot;desktop&quot;,&quot;tablet&quot;,&quot;mobile&quot;]}\" data-elementor-post-type=\"page\">\n\t\t\t\t<div class=\"elementor-element elementor-element-8f90735 e-flex e-con-boxed e-con e-parent\" data-id=\"8f90735\" data-element_type=\"container\" data-settings=\"{&quot;background_background&quot;:&quot;classic&quot;,&quot;premium_particles_zindex&quot;:0,&quot;premium_particles_responsive&quot;:[&quot;desktop&quot;,&quot;tablet&quot;,&quot;mobile&quot;]}\">\n\t\t\t\t\t<div class=\"e-con-inner\">\n\t\t\t\t<div class=\"elementor-element elementor-element-ce2a5d3 elementor-widget elementor-widget-heading\" data-id=\"ce2a5d3\" data-element_type=\"widget\" data-widget_type=\"heading.default\">\n\t\t\t\t<div class=\"elementor-widget-container\">\n\t\t\t<style>\/*! elementor - v3.21.0 - 08-05-2024 *\/\n.elementor-heading-title{padding:0;margin:0;line-height:1}.elementor-widget-heading .elementor-heading-title[class*=elementor-size-]>a{color:inherit;font-size:inherit;line-height:inherit}.elementor-widget-heading .elementor-heading-title.elementor-size-small{font-size:15px}.elementor-widget-heading .elementor-heading-title.elementor-size-medium{font-size:19px}.elementor-widget-heading .elementor-heading-title.elementor-size-large{font-size:29px}.elementor-widget-heading .elementor-heading-title.elementor-size-xl{font-size:39px}.elementor-widget-heading .elementor-heading-title.elementor-size-xxl{font-size:59px}<\/style><h2 class=\"elementor-heading-title elementor-size-default\">Gi\u1edbi thi\u1ec7u v\u1ec1 L\u1eddi nh\u1eafc trong tu\u1ea7n c\u1ee7a SIVJ<\/h2>\t\t<\/div>\n\t\t\t\t<\/div>\n\t\t\t\t<div class=\"elementor-element elementor-element-13071df elementor-widget elementor-widget-text-editor\" data-id=\"13071df\" data-element_type=\"widget\" data-widget_type=\"text-editor.default\">\n\t\t\t\t<div class=\"elementor-widget-container\">\n\t\t\t<style>\/*! elementor - v3.21.0 - 08-05-2024 *\/\n.elementor-widget-text-editor.elementor-drop-cap-view-stacked .elementor-drop-cap{background-color:#69727d;color:#fff}.elementor-widget-text-editor.elementor-drop-cap-view-framed .elementor-drop-cap{color:#69727d;border:3px solid;background-color:transparent}.elementor-widget-text-editor:not(.elementor-drop-cap-view-default) .elementor-drop-cap{margin-top:8px}.elementor-widget-text-editor:not(.elementor-drop-cap-view-default) .elementor-drop-cap-letter{width:1em;height:1em}.elementor-widget-text-editor .elementor-drop-cap{float:left;text-align:center;line-height:1;font-size:50px}.elementor-widget-text-editor .elementor-drop-cap-letter{display:inline-block}<\/style>\t\t\t\t<p>M\u1ed7i tu\u1ea7n, b\u1ea1n s\u1ebd th\u1ea5y l\u1eddi nh\u1eafc th\u1ea3o lu\u1eadn SIVJ m\u1edbi. L\u1eddi nh\u1eafc xoay quanh \u0110i\u1ec3m m\u1ea1nh, S\u1edf th\u00edch, Gi\u00e1 tr\u1ecb v\u00e0 M\u1ee9c \u0111\u1ed9 s\u1eb5n s\u00e0ng cho c\u00f4ng vi\u1ec7c, \u0111\u1ed3ng th\u1eddi mang \u0111\u1ebfn cho con b\u1ea1n c\u01a1 h\u1ed9i hi\u1ec3u r\u00f5 h\u01a1n v\u1ec1 b\u1ea3n th\u00e2n c\u0169ng nh\u01b0 nh\u1eefng \u0111\u00f3ng g\u00f3p \u0111\u1ed9c \u0111\u00e1o m\u00e0 ch\u00fang mang l\u1ea1i cho gia \u0111\u00ecnh, l\u1edbp h\u1ecdc v\u00e0 c\u1ed9ng \u0111\u1ed3ng c\u1ee7a ch\u00fang.<\/p>\t\t\t\t\t\t<\/div>\n\t\t\t\t<\/div>\n\t\t\t\t\t<\/div>\n\t\t\t\t<\/div>\n\t\t<div class=\"elementor-element elementor-element-be3dafc section5 e-flex e-con-boxed e-con e-parent\" data-id=\"be3dafc\" data-element_type=\"container\" data-settings=\"{&quot;background_background&quot;:&quot;classic&quot;,&quot;premium_particles_zindex&quot;:0,&quot;premium_particles_responsive&quot;:[&quot;desktop&quot;,&quot;tablet&quot;,&quot;mobile&quot;]}\">\n\t\t\t\t\t<div class=\"e-con-inner\">\n\t\t<div class=\"elementor-element elementor-element-ee5584e e-con-full e-flex e-con e-child\" data-id=\"ee5584e\" data-element_type=\"container\" data-settings=\"{&quot;premium_particles_zindex&quot;:0,&quot;premium_particles_responsive&quot;:[&quot;desktop&quot;,&quot;tablet&quot;,&quot;mobile&quot;]}\">\n\t\t<div class=\"elementor-element elementor-element-55eb38e e-con-full num-columns-container e-flex e-con e-child\" data-id=\"55eb38e\" data-element_type=\"container\" data-settings=\"{&quot;premium_particles_zindex&quot;:0,&quot;premium_particles_responsive&quot;:[&quot;desktop&quot;,&quot;tablet&quot;,&quot;mobile&quot;]}\">\n\t\t<div class=\"elementor-element elementor-element-dc93e88 e-con-full num-columns1 e-flex e-con e-child\" data-id=\"dc93e88\" data-element_type=\"container\" data-settings=\"{&quot;background_background&quot;:&quot;classic&quot;,&quot;premium_particles_zindex&quot;:0,&quot;premium_particles_responsive&quot;:[&quot;desktop&quot;,&quot;tablet&quot;,&quot;mobile&quot;]}\">\n\t\t\t\t<div class=\"elementor-element elementor-element-654e63d elementor-position-left elementor-view-default elementor-mobile-position-top elementor-vertical-align-top elementor-widget elementor-widget-icon-box\" data-id=\"654e63d\" data-element_type=\"widget\" data-widget_type=\"icon-box.default\">\n\t\t\t\t<div class=\"elementor-widget-container\">\n\t\t\t<link rel=\"stylesheet\" href=\"https:\/\/cmsgo.beable.com\/wp-content\/plugins\/elementor\/assets\/css\/widget-icon-box.min.css\">\t\t<div class=\"elementor-icon-box-wrapper\">\n\n\t\t\t\t\t\t<div class=\"elementor-icon-box-icon\">\n\t\t\t\t<span  class=\"elementor-icon elementor-animation-\">\n\t\t\t\t<svg aria-hidden=\"true\" class=\"e-font-icon-svg e-fas-star\" viewbox=\"0 0 576 512\" xmlns=\"http:\/\/www.w3.org\/2000\/svg\"><path d=\"M259.3 17.8L194 150.2 47.9 171.5c-26.2 3.8-36.7 36.1-17.7 54.6l105.7 103-25 145.5c-4.5 26.3 23.2 46 46.4 33.7L288 439.6l130.7 68.7c23.2 12.2 50.9-7.4 46.4-33.7l-25-145.5 105.7-103c19-18.5 8.5-50.8-17.7-54.6L382 150.2 316.7 17.8c-11.7-23.6-45.6-23.9-57.4 0z\"><\/path><\/svg>\t\t\t\t<\/span>\n\t\t\t<\/div>\n\t\t\t\n\t\t\t\t\t\t<div class=\"elementor-icon-box-content\">\n\n\t\t\t\t\t\t\t\t\t<h3 class=\"elementor-icon-box-title\">\n\t\t\t\t\t\t<span  >\n\t\t\t\t\t\t\t\u0110i\u1ec3m m\u1ea1nh\t\t\t\t\t\t<\/span>\n\t\t\t\t\t<\/h3>\n\t\t\t\t\n\t\t\t\t\n\t\t\t<\/div>\n\t\t\t\n\t\t<\/div>\n\t\t\t\t<\/div>\n\t\t\t\t<\/div>\n\t\t\t\t<div class=\"elementor-element elementor-element-b7d3441 elementor-widget elementor-widget-text-editor\" data-id=\"b7d3441\" data-element_type=\"widget\" data-widget_type=\"text-editor.default\">\n\t\t\t\t<div class=\"elementor-widget-container\">\n\t\t\t\t\t\t\t<p>N\u0103ng khi\u1ebfu l\u00e0 m\u1ed9t ho\u1ea1t \u0111\u1ed9ng m\u00e0 b\u1ea1n gi\u1ecfi b\u1ea9m sinh, nh\u01b0ng \u0111i\u1ec3m m\u1ea1nh l\u00e0 kh\u1ea3 n\u0103ng th\u1ec3 hi\u1ec7n th\u00e0nh t\u00edch th\u01b0\u1eddng xuy\u00ean v\u00e0 xu\u1ea5t s\u1eafc trong ho\u1ea1t \u0111\u1ed9ng \u0111\u00f3. \u0110\u1ec3 bi\u1ebfn t\u00e0i n\u0103ng th\u00e0nh th\u1ebf m\u1ea1nh, b\u1ea1n c\u1ea7n th\u1ef1c s\u1ef1 luy\u1ec7n t\u1eadp ch\u0103m ch\u1ec9 v\u00e0 x\u00e2y d\u1ef1ng k\u1ef9 n\u0103ng c\u1ee7a m\u00ecnh theo th\u1eddi gian.<\/p>\t\t\t\t\t\t<\/div>\n\t\t\t\t<\/div>\n\t\t\t\t<\/div>\n\t\t<div class=\"elementor-element elementor-element-61556b6 e-con-full num-columns2 e-flex e-con e-child\" data-id=\"61556b6\" data-element_type=\"container\" data-settings=\"{&quot;background_background&quot;:&quot;classic&quot;,&quot;premium_particles_zindex&quot;:0,&quot;premium_particles_responsive&quot;:[&quot;desktop&quot;,&quot;tablet&quot;,&quot;mobile&quot;]}\">\n\t\t\t\t<div class=\"elementor-element elementor-element-5129970 elementor-position-left elementor-view-default elementor-mobile-position-top elementor-vertical-align-top elementor-widget elementor-widget-icon-box\" data-id=\"5129970\" data-element_type=\"widget\" data-widget_type=\"icon-box.default\">\n\t\t\t\t<div class=\"elementor-widget-container\">\n\t\t\t\t\t<div class=\"elementor-icon-box-wrapper\">\n\n\t\t\t\t\t\t<div class=\"elementor-icon-box-icon\">\n\t\t\t\t<span  class=\"elementor-icon elementor-animation-\">\n\t\t\t\t<svg aria-hidden=\"true\" class=\"e-font-icon-svg e-fas-star\" viewbox=\"0 0 576 512\" xmlns=\"http:\/\/www.w3.org\/2000\/svg\"><path d=\"M259.3 17.8L194 150.2 47.9 171.5c-26.2 3.8-36.7 36.1-17.7 54.6l105.7 103-25 145.5c-4.5 26.3 23.2 46 46.4 33.7L288 439.6l130.7 68.7c23.2 12.2 50.9-7.4 46.4-33.7l-25-145.5 105.7-103c19-18.5 8.5-50.8-17.7-54.6L382 150.2 316.7 17.8c-11.7-23.6-45.6-23.9-57.4 0z\"><\/path><\/svg>\t\t\t\t<\/span>\n\t\t\t<\/div>\n\t\t\t\n\t\t\t\t\t\t<div class=\"elementor-icon-box-content\">\n\n\t\t\t\t\t\t\t\t\t<h3 class=\"elementor-icon-box-title\">\n\t\t\t\t\t\t<span  >\n\t\t\t\t\t\t\tS\u1edf th\u00edch\t\t\t\t\t\t<\/span>\n\t\t\t\t\t<\/h3>\n\t\t\t\t\n\t\t\t\t\n\t\t\t<\/div>\n\t\t\t\n\t\t<\/div>\n\t\t\t\t<\/div>\n\t\t\t\t<\/div>\n\t\t\t\t<div class=\"elementor-element elementor-element-488cb0f elementor-widget elementor-widget-text-editor\" data-id=\"488cb0f\" data-element_type=\"widget\" data-widget_type=\"text-editor.default\">\n\t\t\t\t<div class=\"elementor-widget-container\">\n\t\t\t\t\t\t\t<p>S\u1edf th\u00edch l\u00e0 nh\u1eefng vi\u1ec7c b\u1ea1n th\u00edch l\u00e0m. Ch\u00fang khi\u1ebfn b\u1ea1n h\u00e0o h\u1ee9ng v\u00e0 g\u1eafn b\u00f3 trong m\u1ed9t th\u1eddi gian d\u00e0i. Khi b\u1ea1n hi\u1ec3u m\u00ecnh quan t\u00e2m \u0111\u1ebfn \u0111i\u1ec1u g\u00ec th\u00ec b\u1ea1n c\u00f3 th\u1ec3 l\u1ef1a ch\u1ecdn nh\u1eefng ho\u1ea1t \u0111\u1ed9ng v\u00e0 ngh\u1ec1 nghi\u1ec7p th\u00fa v\u1ecb v\u00e0 h\u00e0i l\u00f2ng.<\/p>\t\t\t\t\t\t<\/div>\n\t\t\t\t<\/div>\n\t\t\t\t<\/div>\n\t\t<div class=\"elementor-element elementor-element-86d1353 e-con-full num-columns3 e-flex e-con e-child\" data-id=\"86d1353\" data-element_type=\"container\" data-settings=\"{&quot;background_background&quot;:&quot;classic&quot;,&quot;premium_particles_zindex&quot;:0,&quot;premium_particles_responsive&quot;:[&quot;desktop&quot;,&quot;tablet&quot;,&quot;mobile&quot;]}\">\n\t\t\t\t<div class=\"elementor-element elementor-element-add9fec elementor-position-left elementor-view-default elementor-mobile-position-top elementor-vertical-align-top elementor-widget elementor-widget-icon-box\" data-id=\"add9fec\" data-element_type=\"widget\" data-widget_type=\"icon-box.default\">\n\t\t\t\t<div class=\"elementor-widget-container\">\n\t\t\t\t\t<div class=\"elementor-icon-box-wrapper\">\n\n\t\t\t\t\t\t<div class=\"elementor-icon-box-icon\">\n\t\t\t\t<span  class=\"elementor-icon elementor-animation-\">\n\t\t\t\t<svg aria-hidden=\"true\" class=\"e-font-icon-svg e-fas-star\" viewbox=\"0 0 576 512\" xmlns=\"http:\/\/www.w3.org\/2000\/svg\"><path d=\"M259.3 17.8L194 150.2 47.9 171.5c-26.2 3.8-36.7 36.1-17.7 54.6l105.7 103-25 145.5c-4.5 26.3 23.2 46 46.4 33.7L288 439.6l130.7 68.7c23.2 12.2 50.9-7.4 46.4-33.7l-25-145.5 105.7-103c19-18.5 8.5-50.8-17.7-54.6L382 150.2 316.7 17.8c-11.7-23.6-45.6-23.9-57.4 0z\"><\/path><\/svg>\t\t\t\t<\/span>\n\t\t\t<\/div>\n\t\t\t\n\t\t\t\t\t\t<div class=\"elementor-icon-box-content\">\n\n\t\t\t\t\t\t\t\t\t<h3 class=\"elementor-icon-box-title\">\n\t\t\t\t\t\t<span  >\n\t\t\t\t\t\t\tGi\u00e1 tr\u1ecb\t\t\t\t\t\t<\/span>\n\t\t\t\t\t<\/h3>\n\t\t\t\t\n\t\t\t\t\n\t\t\t<\/div>\n\t\t\t\n\t\t<\/div>\n\t\t\t\t<\/div>\n\t\t\t\t<\/div>\n\t\t\t\t<div class=\"elementor-element elementor-element-30fcf63 elementor-widget elementor-widget-text-editor\" data-id=\"30fcf63\" data-element_type=\"widget\" data-widget_type=\"text-editor.default\">\n\t\t\t\t<div class=\"elementor-widget-container\">\n\t\t\t\t\t\t\t<p>C\u00f3 hai lo\u1ea1i gi\u00e1 tr\u1ecb. \u0110\u1ea7u ti\u00ean l\u00e0 nh\u1eefng \u0111i\u1ec1u ki\u1ec7n gi\u00fap b\u1ea1n l\u00e0m vi\u1ec7c t\u1ed1t nh\u1ea5t. V\u00ed d\u1ee5, b\u1ea1n th\u00edch l\u00e0m vi\u1ec7c m\u1ed9t m\u00ecnh hay l\u00e0m vi\u1ec7c v\u1edbi ng\u01b0\u1eddi kh\u00e1c? B\u1ea1n th\u00edch l\u00e0m vi\u1ec7c trong nh\u00e0 hay ngo\u00e0i tr\u1eddi? Lo\u1ea1i th\u1ee9 hai bao g\u1ed3m nh\u1eefng \u0111i\u1ec1u khi\u1ebfn b\u1ea1n c\u1ea3m th\u1ea5y \u0111\u01b0\u1ee3c tr\u00e2n tr\u1ecdng, ch\u1eb3ng h\u1ea1n nh\u01b0 nh\u1eadn \u0111\u01b0\u1ee3c l\u1eddi khen ng\u1ee3i ho\u1eb7c ph\u1ea7n th\u01b0\u1edfng khi ho\u00e0n th\u00e0nh m\u1ed9t d\u1ef1 \u00e1n ho\u1eb7c bi\u1ebft r\u1eb1ng b\u1ea1n \u0111ang gi\u00fap \u0111\u1ee1 m\u1ecdi ng\u01b0\u1eddi.<\/p>\t\t\t\t\t\t<\/div>\n\t\t\t\t<\/div>\n\t\t\t\t<\/div>\n\t\t<div class=\"elementor-element elementor-element-35c3f75 e-con-full num-columns4 e-flex e-con e-child\" data-id=\"35c3f75\" data-element_type=\"container\" data-settings=\"{&quot;background_background&quot;:&quot;classic&quot;,&quot;premium_particles_zindex&quot;:0,&quot;premium_particles_responsive&quot;:[&quot;desktop&quot;,&quot;tablet&quot;,&quot;mobile&quot;]}\">\n\t\t\t\t<div class=\"elementor-element elementor-element-bf9f597 elementor-position-left elementor-view-default elementor-mobile-position-top elementor-vertical-align-top elementor-widget elementor-widget-icon-box\" data-id=\"bf9f597\" data-element_type=\"widget\" data-widget_type=\"icon-box.default\">\n\t\t\t\t<div class=\"elementor-widget-container\">\n\t\t\t\t\t<div class=\"elementor-icon-box-wrapper\">\n\n\t\t\t\t\t\t<div class=\"elementor-icon-box-icon\">\n\t\t\t\t<span  class=\"elementor-icon elementor-animation-\">\n\t\t\t\t<svg aria-hidden=\"true\" class=\"e-font-icon-svg e-fas-star\" viewbox=\"0 0 576 512\" xmlns=\"http:\/\/www.w3.org\/2000\/svg\"><path d=\"M259.3 17.8L194 150.2 47.9 171.5c-26.2 3.8-36.7 36.1-17.7 54.6l105.7 103-25 145.5c-4.5 26.3 23.2 46 46.4 33.7L288 439.6l130.7 68.7c23.2 12.2 50.9-7.4 46.4-33.7l-25-145.5 105.7-103c19-18.5 8.5-50.8-17.7-54.6L382 150.2 316.7 17.8c-11.7-23.6-45.6-23.9-57.4 0z\"><\/path><\/svg>\t\t\t\t<\/span>\n\t\t\t<\/div>\n\t\t\t\n\t\t\t\t\t\t<div class=\"elementor-icon-box-content\">\n\n\t\t\t\t\t\t\t\t\t<h3 class=\"elementor-icon-box-title\">\n\t\t\t\t\t\t<span  >\n\t\t\t\t\t\t\tS\u1eb5n s\u00e0ng cho c\u00f4ng vi\u1ec7c\t\t\t\t\t\t<\/span>\n\t\t\t\t\t<\/h3>\n\t\t\t\t\n\t\t\t\t\n\t\t\t<\/div>\n\t\t\t\n\t\t<\/div>\n\t\t\t\t<\/div>\n\t\t\t\t<\/div>\n\t\t\t\t<div class=\"elementor-element elementor-element-f367a2f elementor-widget elementor-widget-text-editor\" data-id=\"f367a2f\" data-element_type=\"widget\" data-widget_type=\"text-editor.default\">\n\t\t\t\t<div class=\"elementor-widget-container\">\n\t\t\t\t\t\t\t<p>Nh\u1eefng c\u00f4ng c\u1ee5 v\u00e0 k\u1ef9 n\u0103ng b\u1ea1n c\u1ea7n \u0111\u1ec3 s\u1eb5n s\u00e0ng cho c\u00f4ng vi\u1ec7c l\u00e0 g\u00ec? S\u1eb5n s\u00e0ng cho c\u00f4ng vi\u1ec7c c\u00f3 ngh\u0129a l\u00e0 b\u1ea1n c\u00f3 nhi\u1ec1u k\u1ef9 n\u0103ng thi\u1ebft y\u1ebfu c\u1ea7n thi\u1ebft trong b\u1ea5t k\u1ef3 c\u00f4ng vi\u1ec7c n\u00e0o, b\u1ea5t k\u1ec3 ng\u00e0nh ngh\u1ec1 hay vai tr\u00f2. C\u00f3 r\u1ea5t nhi\u1ec1u k\u1ef9 n\u0103ng c\u1ea7n thi\u1ebft, bao g\u1ed3m kh\u1ea3 n\u0103ng t\u1ef1 nh\u1eadn th\u1ee9c, t\u00ednh ki\u00ean nh\u1eabn, giao ti\u1ebfp, tr\u00ed t\u01b0\u1edfng t\u01b0\u1ee3ng, gi\u1ea3i quy\u1ebft v\u1ea5n \u0111\u1ec1, t\u00ednh \u0111\u1ed9c l\u1eadp, t\u00ednh t\u00f2 m\u00f2, v.v.<\/p>\t\t\t\t\t\t<\/div>\n\t\t\t\t<\/div>\n\t\t\t\t<\/div>\n\t\t\t\t<\/div>\n\t\t\t\t<\/div>\n\t\t\t\t\t<\/div>\n\t\t\t\t<\/div>\n\t\t\t\t<\/div>","protected":false},"excerpt":{"rendered":"<p>About the S-I-V-J Prompt of the Week Each week, you\u2019ll see a new S-I-V-J discussion prompt. The prompt revolves around Strengths, Interests, Values, and Job Readiness, and provides your child with an opportunity to better understand themselves and the unique contributions they bring to their family, their class, and their community. Strengths A talent is [&hellip;]<\/p>","protected":false},"author":3,"featured_media":0,"parent":0,"menu_order":0,"comment_status":"closed","ping_status":"closed","template":"","meta":{"footnotes":""},"class_list":["post-4059","page","type-page","status-publish","hentry"],"_links":{"self":[{"href":"https:\/\/cmsgo.beable.com\/vi\/wp-json\/wp\/v2\/pages\/4059","targetHints":{"allow":["GET"]}}],"collection":[{"href":"https:\/\/cmsgo.beable.com\/vi\/wp-json\/wp\/v2\/pages"}],"about":[{"href":"https:\/\/cmsgo.beable.com\/vi\/wp-json\/wp\/v2\/types\/page"}],"author":[{"embeddable":true,"href":"https:\/\/cmsgo.beable.com\/vi\/wp-json\/wp\/v2\/users\/3"}],"replies":[{"embeddable":true,"href":"https:\/\/cmsgo.beable.com\/vi\/wp-json\/wp\/v2\/comments?post=4059"}],"version-history":[{"count":19,"href":"https:\/\/cmsgo.beable.com\/vi\/wp-json\/wp\/v2\/pages\/4059\/revisions"}],"predecessor-version":[{"id":4730,"href":"https:\/\/cmsgo.beable.com\/vi\/wp-json\/wp\/v2\/pages\/4059\/revisions\/4730"}],"wp:attachment":[{"href":"https:\/\/cmsgo.beable.com\/vi\/wp-json\/wp\/v2\/media?parent=4059"}],"curies":[{"name":"wp","href":"https:\/\/api.w.org\/{rel}","templated":true}]}}